{"id":1660,"date":"2022-06-22T07:32:19","date_gmt":"2022-06-22T07:32:19","guid":{"rendered":"https:\/\/venturafoodsmx.dsstaging3.com\/ca-transparency-act\/"},"modified":"2023-05-11T14:24:42","modified_gmt":"2023-05-11T14:24:42","slug":"ca-transparency-act","status":"publish","type":"page","link":"https:\/\/www.venturafoods.mx\/es\/ca-transparency-act\/","title":{"rendered":"Ley de Transparencia de CA"},"content":{"rendered":"<h1>LEY DE TRANSPARENCIA EN LAS CADENAS DE SUMINISTRO DE CALIFORNIA<\/h1>\n<p>Ventura Foods se dedica a realizar negocios de manera legal y \u00e9tica. Hacerlo de manera sostenible requiere que equilibremos los beneficios y riesgos sociales, ambientales y econ\u00f3micos de nuestros productos. Los proveedores juegan un papel clave en nuestros esfuerzos para garantizar que gestionemos nuestra cadena de suministro global de manera sostenible. Nuestra pol\u00edtica es trabajar solo con proveedores que compartan nuestro compromiso con las pr\u00e1cticas comerciales \u00e9ticas y socialmente responsables. Ventura Foods espera que sus proveedores obedezcan todas las leyes, reglamentos y otras autoridades gubernamentales de cualquier pa\u00eds en el que hagan negocios, y que se comporten de manera profesional y \u00e9tica.<\/p>\n<p>El compromiso de Ventura Foods de garantizar que su cadena de suministro se mantenga de manera socialmente responsable incluye, entre otras cosas, la expectativa de que los proveedores no utilicen trabajo forzoso de ning\u00fan tipo, incluido el tr\u00e1fico de personas y la esclavitud, para producir los productos que proporcionan a Ventura Foods. . Para monitorear el cumplimiento de sus expectativas, Ventura Foods alienta a los proveedores a firmar una certificaci\u00f3n por escrito de que cumple con todas las leyes y reglamentos, incluidos los relacionados con la esclavitud y la trata de personas.<br \/>\nAdem\u00e1s, Ventura Foods audita a los posibles proveedores nuevos y actuales de vez en cuando para determinar si cumplen con los requisitos de Ventura Foods. Anualmente, los proveedores se seleccionan para la auditor\u00eda utilizando un enfoque basado en el riesgo. La participaci\u00f3n del proveedor en el proceso de auditor\u00eda es obligatoria y el incumplimiento de los requisitos de Ventura Foods puede resultar en la interrupci\u00f3n de la relaci\u00f3n con el proveedor.<\/p>\n<p>Tambi\u00e9n se alienta a los proveedores a celebrar acuerdos por escrito con Ventura Foods. Los acuerdos de compra de Ventura Foods exigen que los proveedores cumplan con las leyes aplicables dentro del pa\u00eds del negocio, incluidas las leyes relacionadas con la trata de personas y la esclavitud, y especifican los requisitos que deben cumplir nuestros proveedores.<br \/>\nVentura Foods alienta a sus empleados responsables de la gesti\u00f3n de la cadena de suministro a obtener capacitaci\u00f3n sobre c\u00f3mo mitigar los riesgos dentro de la cadena de suministro. Dicha capacitaci\u00f3n puede incluir presentaciones internas, seminarios o seminarios web.<\/p>\n<p>Ventura Foods reconoce la importancia de las pr\u00e1cticas laborales justas y se compromete a hacer su parte para erradicar la esclavitud y la trata de personas. Ventura Foods mantiene procedimientos internos de responsabilidad para sus empleados y contratistas. Ventura Foods tambi\u00e9n brinda capacitaci\u00f3n sobre \u00e9tica y cumplimiento de los est\u00e1ndares y el c\u00f3digo de conducta de la empresa para sus empleados y la gerencia.<\/p>\n<p>Todo el contenido \u00a9 2022 Ventura Foods\u00ae. Reservados todos los derechos.<\/p>\n","protected":false},"excerpt":{"rendered":"<p>LEY DE TRANSPARENCIA EN LAS CADENAS DE SUMINISTRO DE CALIFORNIA Ventura Foods se dedica a realizar negocios de manera legal y \u00e9tica. Hacerlo de manera sostenible requiere que equilibremos los beneficios y riesgos sociales, ambientales y econ\u00f3micos de nuestros productos. Los proveedores juegan un papel clave en nuestros esfuerzos para garantizar que gestionemos nuestra cadena&#8230;<\/p>\n","protected":false},"author":1,"featured_media":0,"parent":0,"menu_order":0,"comment_status":"closed","ping_status":"closed","template":"","meta":{"_acf_changed":false,"inline_featured_image":false,"ep_exclude_from_search":false,"footnotes":""},"class_list":["post-1660","page","type-page","status-publish","hentry"],"acf":[],"yoast_head":"<!-- This site is optimized with the Yoast SEO plugin v27.4 - https:\/\/yoast.com\/product\/yoast-seo-wordpress\/ -->\n<title>Ley de Transparencia de CA - Ventura Foods Mexico<\/title>\n<meta name=\"robots\" content=\"index, follow, max-snippet:-1, max-image-preview:large, max-video-preview:-1\" \/>\n<link rel=\"canonical\" href=\"https:\/\/www.venturafoods.mx\/es\/ca-transparency-act\/\" \/>\n<meta property=\"og:locale\" content=\"es_MX\" \/>\n<meta property=\"og:type\" content=\"article\" \/>\n<meta property=\"og:title\" content=\"Ley de Transparencia de CA - Ventura Foods Mexico\" \/>\n<meta property=\"og:description\" content=\"LEY DE TRANSPARENCIA EN LAS CADENAS DE SUMINISTRO DE CALIFORNIA Ventura Foods se dedica a realizar negocios de manera legal y \u00e9tica. Hacerlo de manera sostenible requiere que equilibremos los beneficios y riesgos sociales, ambientales y econ\u00f3micos de nuestros productos. Los proveedores juegan un papel clave en nuestros esfuerzos para garantizar que gestionemos nuestra cadena...\" \/>\n<meta property=\"og:url\" content=\"https:\/\/www.venturafoods.mx\/es\/ca-transparency-act\/\" \/>\n<meta property=\"og:site_name\" content=\"Ventura Foods Mexico\" \/>\n<meta property=\"article:modified_time\" content=\"2023-05-11T14:24:42+00:00\" \/>\n<meta name=\"twitter:card\" content=\"summary_large_image\" \/>\n<meta name=\"twitter:label1\" content=\"Est. reading time\" \/>\n\t<meta name=\"twitter:data1\" content=\"2 minutes\" \/>\n<script type=\"application\/ld+json\" class=\"yoast-schema-graph\">{\"@context\":\"https:\\\/\\\/schema.org\",\"@graph\":[{\"@type\":\"WebPage\",\"@id\":\"https:\\\/\\\/www.venturafoods.mx\\\/es\\\/ca-transparency-act\\\/\",\"url\":\"https:\\\/\\\/www.venturafoods.mx\\\/es\\\/ca-transparency-act\\\/\",\"name\":\"Ley de Transparencia de CA - Ventura Foods Mexico\",\"isPartOf\":{\"@id\":\"https:\\\/\\\/www.venturafoods.mx\\\/es\\\/#website\"},\"datePublished\":\"2022-06-22T07:32:19+00:00\",\"dateModified\":\"2023-05-11T14:24:42+00:00\",\"breadcrumb\":{\"@id\":\"https:\\\/\\\/www.venturafoods.mx\\\/es\\\/ca-transparency-act\\\/#breadcrumb\"},\"inLanguage\":\"es-MX\",\"potentialAction\":[{\"@type\":\"ReadAction\",\"target\":[\"https:\\\/\\\/www.venturafoods.mx\\\/es\\\/ca-transparency-act\\\/\"]}]},{\"@type\":\"BreadcrumbList\",\"@id\":\"https:\\\/\\\/www.venturafoods.mx\\\/es\\\/ca-transparency-act\\\/#breadcrumb\",\"itemListElement\":[{\"@type\":\"ListItem\",\"position\":1,\"name\":\"P\u00e1gina principal\",\"item\":\"https:\\\/\\\/www.venturafoods.mx\\\/es\\\/\"},{\"@type\":\"ListItem\",\"position\":2,\"name\":\"Ley de Transparencia de CA\"}]},{\"@type\":\"WebSite\",\"@id\":\"https:\\\/\\\/www.venturafoods.mx\\\/es\\\/#website\",\"url\":\"https:\\\/\\\/www.venturafoods.mx\\\/es\\\/\",\"name\":\"Ventura Foods Mexico\",\"description\":\"\",\"potentialAction\":[{\"@type\":\"SearchAction\",\"target\":{\"@type\":\"EntryPoint\",\"urlTemplate\":\"https:\\\/\\\/www.venturafoods.mx\\\/es\\\/?s={search_term_string}\"},\"query-input\":{\"@type\":\"PropertyValueSpecification\",\"valueRequired\":true,\"valueName\":\"search_term_string\"}}],\"inLanguage\":\"es-MX\"}]}<\/script>\n<!-- \/ Yoast SEO plugin. -->","yoast_head_json":{"title":"Ley de Transparencia de CA - Ventura Foods Mexico","robots":{"index":"index","follow":"follow","max-snippet":"max-snippet:-1","max-image-preview":"max-image-preview:large","max-video-preview":"max-video-preview:-1"},"canonical":"https:\/\/www.venturafoods.mx\/es\/ca-transparency-act\/","og_locale":"es_MX","og_type":"article","og_title":"Ley de Transparencia de CA - Ventura Foods Mexico","og_description":"LEY DE TRANSPARENCIA EN LAS CADENAS DE SUMINISTRO DE CALIFORNIA Ventura Foods se dedica a realizar negocios de manera legal y \u00e9tica. Hacerlo de manera sostenible requiere que equilibremos los beneficios y riesgos sociales, ambientales y econ\u00f3micos de nuestros productos. Los proveedores juegan un papel clave en nuestros esfuerzos para garantizar que gestionemos nuestra cadena...","og_url":"https:\/\/www.venturafoods.mx\/es\/ca-transparency-act\/","og_site_name":"Ventura Foods Mexico","article_modified_time":"2023-05-11T14:24:42+00:00","twitter_card":"summary_large_image","twitter_misc":{"Est. reading time":"2 minutes"},"schema":{"@context":"https:\/\/schema.org","@graph":[{"@type":"WebPage","@id":"https:\/\/www.venturafoods.mx\/es\/ca-transparency-act\/","url":"https:\/\/www.venturafoods.mx\/es\/ca-transparency-act\/","name":"Ley de Transparencia de CA - Ventura Foods Mexico","isPartOf":{"@id":"https:\/\/www.venturafoods.mx\/es\/#website"},"datePublished":"2022-06-22T07:32:19+00:00","dateModified":"2023-05-11T14:24:42+00:00","breadcrumb":{"@id":"https:\/\/www.venturafoods.mx\/es\/ca-transparency-act\/#breadcrumb"},"inLanguage":"es-MX","potentialAction":[{"@type":"ReadAction","target":["https:\/\/www.venturafoods.mx\/es\/ca-transparency-act\/"]}]},{"@type":"BreadcrumbList","@id":"https:\/\/www.venturafoods.mx\/es\/ca-transparency-act\/#breadcrumb","itemListElement":[{"@type":"ListItem","position":1,"name":"P\u00e1gina principal","item":"https:\/\/www.venturafoods.mx\/es\/"},{"@type":"ListItem","position":2,"name":"Ley de Transparencia de CA"}]},{"@type":"WebSite","@id":"https:\/\/www.venturafoods.mx\/es\/#website","url":"https:\/\/www.venturafoods.mx\/es\/","name":"Ventura Foods Mexico","description":"","potentialAction":[{"@type":"SearchAction","target":{"@type":"EntryPoint","urlTemplate":"https:\/\/www.venturafoods.mx\/es\/?s={search_term_string}"},"query-input":{"@type":"PropertyValueSpecification","valueRequired":true,"valueName":"search_term_string"}}],"inLanguage":"es-MX"}]}},"_links":{"self":[{"href":"https:\/\/www.venturafoods.mx\/es\/wp-json\/wp\/v2\/pages\/1660","targetHints":{"allow":["GET"]}}],"collection":[{"href":"https:\/\/www.venturafoods.mx\/es\/wp-json\/wp\/v2\/pages"}],"about":[{"href":"https:\/\/www.venturafoods.mx\/es\/wp-json\/wp\/v2\/types\/page"}],"author":[{"embeddable":true,"href":"https:\/\/www.venturafoods.mx\/es\/wp-json\/wp\/v2\/users\/1"}],"replies":[{"embeddable":true,"href":"https:\/\/www.venturafoods.mx\/es\/wp-json\/wp\/v2\/comments?post=1660"}],"version-history":[{"count":3,"href":"https:\/\/www.venturafoods.mx\/es\/wp-json\/wp\/v2\/pages\/1660\/revisions"}],"predecessor-version":[{"id":9955,"href":"https:\/\/www.venturafoods.mx\/es\/wp-json\/wp\/v2\/pages\/1660\/revisions\/9955"}],"wp:attachment":[{"href":"https:\/\/www.venturafoods.mx\/es\/wp-json\/wp\/v2\/media?parent=1660"}],"curies":[{"name":"wp","href":"https:\/\/api.w.org\/{rel}","templated":true}]}}