{"id":9981,"date":"2023-05-18T13:46:49","date_gmt":"2023-05-18T13:46:49","guid":{"rendered":"https:\/\/venturafoodsmx.dsstaging3.com\/?page_id=9981"},"modified":"2023-06-08T17:42:55","modified_gmt":"2023-06-08T17:42:55","slug":"accessibility-policy","status":"publish","type":"page","link":"https:\/\/www.venturafoods.mx\/es\/accessibility-policy\/","title":{"rendered":"Accessibility Policy"},"content":{"rendered":"<h1>Declaraci\u00f3n de Accesibilidad<\/h1>\n<h2>(A) Accesibilidad del sitio web<\/h2>\n<h3>(i) Sitios web p\u00fablicos de Ventura Foods<\/h3>\n<p>Ventura Foods (venturafoods.com) se compromete a proporcionar un sitio web que sea accesible para una amplia audiencia. Estamos trabajando para aumentar la accesibilidad y la facilidad de uso de nuestro sitio web al adherirnos a ciertos est\u00e1ndares y pautas.<\/p>\n<p>Para lograr el cumplimiento, Ventura Foods se esforzar\u00e1 por cumplir con ciertos requisitos de las Pautas de accesibilidad del concurso web 2.1 (los criterios de \u00e9xito de AA &#8220;WCAG 2.1&#8221;). <em>Tenga en cuenta que tales esfuerzos est\u00e1n en curso.<\/em><\/p>\n<h3>(ii) Proceso de retroalimentaci\u00f3n<\/h3>\n<p>Ventura Foods busca, recibe y responde a los comentarios de sus consumidores, empleados, clientes y socios. Ventura Foods tambi\u00e9n se compromete a recibir comentarios sobre la accesibilidad de sus sitios web.<\/p>\n<p>Si no puede proporcionar comentarios sobre la accesibilidad, Ventura Foods trabajar\u00e1 con usted para recibir y responder a sus comentarios en un formato accesible.<\/p>\n<p>Si desea enviar una consulta de accesibilidad o tiene alguna pregunta\/comentario sobre la accesibilidad en Ventura Foods, complete el formulario <a href=\"https:\/\/www.venturafoods.mx\/es\/ccpa-form\/\" target=\"_blank\" rel=\"noopener\">AQU\u00cd\u00a0<\/a>o env\u00edenos un correo electr\u00f3nico <a href=\"mailto:VFaccessibility@rescocompany.com\" target=\"_blank\" rel=\"noopener noreferrer\" data-auth=\"NotApplicable\" data-linkindex=\"0\">VFaccessibility@rescocompany.com<\/a>.<\/p>\n<p>Tambi\u00e9n puede encontrar nuestra informaci\u00f3n de contacto espec\u00edfica de accesibilidad dentro de este plan.<\/p>\n<h3>(iii) Est\u00e1ndares de Accesibilidad Web<\/h3>\n<p>Ventura Foods se esforzar\u00e1 por lograr una calificaci\u00f3n de accesibilidad web WCAG 2.1 AA.<\/p>\n<p>Para lograr la calificaci\u00f3n de accesibilidad web WCAG 2.1 AA, evaluamos regularmente formas y medidas para mejorar continuamente nuestra accesibilidad web para todos y alcanzar un est\u00e1ndar de cumplimiento AA como m\u00ednimo. Se espera que nuestra pr\u00f3xima ronda de mejoras, que debe cumplir con la accesibilidad web WCAG 2.1 AA, se complete en agosto de 2023.<\/p>\n<p>Si usted o cualquier otra persona tiene dificultades con nuestro sitio web, lo alentamos a que se comunique con nosotros directamente para brindarnos sus comentarios en un formato accesible. Luego buscaremos resolver cualquier pregunta o inquietud lo m\u00e1s r\u00e1pido posible.<\/p>\n<h3>Accesibilidad en venturafoods.com<\/h3>\n<p>venturafoods.com toma las siguientes medidas para garantizar la accesibilidad de nuestro sitio web:<\/p>\n<ul>\n<li>Realizar auditor\u00edas peri\u00f3dicas de accesibilidad de nuestro sitio web para identificar y abordar cualquier barrera de accesibilidad;<\/li>\n<li>Usar pr\u00e1cticas de dise\u00f1o web accesibles, incluido el uso de texto alternativo para im\u00e1genes, estructura de encabezado adecuada y contraste de color;<\/li>\n<li>Asegurarse de que se pueda acceder a todo el contenido del sitio web solo a trav\u00e9s de un teclado;<\/li>\n<li>Suministro de subt\u00edtulos para v\u00eddeos y descripciones de audio para contenido multimedia;<\/li>\n<li>Asegurarse de que se pueda acceder a nuestro sitio web utilizando tecnolog\u00edas de asistencia, como lectores de pantalla y lupas; y<\/li>\n<li>Proporcionar un mecanismo para que los usuarios informen las barreras de accesibilidad y soliciten adaptaciones.<\/li>\n<\/ul>\n<h2>(B) Estado de conformidad<\/h2>\n<p>Las Pautas de Accesibilidad para el Contenido Web (WCAG) definen los requisitos para que los dise\u00f1adores y desarrolladores mejoren la accesibilidad para las personas con discapacidades. Define tres niveles de conformidad: Nivel A, Nivel AA y Nivel AAA.<\/p>\n<p>Venturafoods.com cumple parcialmente con WCAG 2.1 nivel AA. Parcialmente conforme significa que algunas partes del contenido no se ajustan completamente al est\u00e1ndar de accesibilidad. Sin embargo, Ventura Foods est\u00e1 realizando esfuerzos continuos para lograr el cumplimiento de la accesibilidad del sitio web de WCAG 2.1 AA, como se establece en esta declaraci\u00f3n.<\/p>\n<h2>(C) Comentarios<\/h2>\n<p>Agradecemos sus comentarios sobre la accesibilidad de venturafoods.com. H\u00e1ganos saber si encuentra alguna barrera de accesibilidad en nuestro sitio web, incluidas las sugerencias para mejorar.<\/p>\n<ul>\n<li><strong>DIRECCI\u00d3N:<\/strong><br \/>\nVentura Alimentos<br \/>\nUnidad de 40 puntas<br \/>\nBrea, CA 92821<\/li>\n<li><strong>Contacto:<\/strong><br \/>\n<a href=\"mailto:VFaccessibility@rescocompany.com\" target=\"_blank\" rel=\"noopener noreferrer\" data-auth=\"NotApplicable\" data-linkindex=\"0\">VFaccessibility@rescocompany.com<\/a><br \/>\nTel\u00e9fono: 888-500-0086<br \/>\nHorario: de 9 a. m. a 5 p. m. (hora del Pac\u00edfico)<\/li>\n<\/ul>\n<p>Tambi\u00e9n puede comunicarse con Ventura Foods con cualquier queja, pregunta o comentario sobre accesibilidad AQU\u00cd: <a href=\"https:\/\/www.venturafoods.mx\/es\/contact\/\">https:\/\/www.venturafoods.mx\/es\/contact\/<\/a><\/p>\n<p>Haremos todo lo posible para abordar cualquier problema de manera oportuna y efectiva.<\/p>\n<h2>(D) Funciones de accesibilidad de los servicios de terceros<\/h2>\n<p>Los servicios de terceros en el sitio de Ventura Foods incluyen:<\/p>\n<ul>\n<li>Whipstir (base de datos de recetas)<\/li>\n<li>Amplificar (PIM)<\/li>\n<li>Resco (Formularios de contacto)<\/li>\n<li>Filamento (Chat Bot)<\/li>\n<\/ul>\n<p>Si bien nos esforzamos por hacer que estos servicios sean accesibles, algunos de ellos pueden tener barreras de accesibilidad fuera de nuestro control. Lo alentamos a que se comunique directamente con los proveedores de estos servicios si encuentra alg\u00fan problema de accesibilidad mientras los usa.<\/p>\n<h2>(E) Compatibilidad con navegadores y tecnolog\u00eda de asistencia<\/h2>\n<p>Venturafoods.com est\u00e1 dise\u00f1ado para ser compatible con las siguientes tecnolog\u00edas de asistencia:<\/p>\n<ul>\n<li>Lectores de pantalla, como NVDA y JAWS<\/li>\n<li>Navegaci\u00f3n por teclado<\/li>\n<li>Software de reconocimiento de voz, como Dragon NaturallySpeaking<\/li>\n<li>Lupas de pantalla, como ZoomText<\/li>\n<\/ul>\n<p>Venturafoods.com est\u00e1 dise\u00f1ado para ser compatible con los siguientes navegadores:<\/p>\n<ul>\n<li>Cromo<\/li>\n<li>Firefox<\/li>\n<li>Safari<\/li>\n<li>Borde<\/li>\n<\/ul>\n<p>No podemos garantizar la compatibilidad con todos los navegadores y tecnolog\u00edas de asistencia, pero nos esforzamos por hacer que nuestro sitio web sea lo m\u00e1s accesible posible para todos los usuarios.<\/p>\n<h2>(F) Enfoque de evaluaci\u00f3n<\/h2>\n<p>Venturafoods.com evalu\u00f3 la accesibilidad de nuestro sitio web seg\u00fan los est\u00e1ndares de accesibilidad del sitio web WCAG 2.1 AA a partir de mayo de 2023. Los esfuerzos para lograr el cumplimiento se toman en serio y contin\u00faan.<\/p>\n","protected":false},"excerpt":{"rendered":"<p>Declaraci\u00f3n de Accesibilidad (A) Accesibilidad del sitio web (i) Sitios web p\u00fablicos de Ventura Foods Ventura Foods (venturafoods.com) se compromete a proporcionar un sitio web que sea accesible para una amplia audiencia. Estamos trabajando para aumentar la accesibilidad y la facilidad de uso de nuestro sitio web al adherirnos a ciertos est\u00e1ndares y pautas. Para&#8230;<\/p>\n","protected":false},"author":12,"featured_media":0,"parent":0,"menu_order":0,"comment_status":"closed","ping_status":"closed","template":"","meta":{"_acf_changed":false,"inline_featured_image":false,"ep_exclude_from_search":false,"footnotes":""},"class_list":["post-9981","page","type-page","status-publish","hentry"],"acf":[],"yoast_head":"<!-- This site is optimized with the Yoast SEO plugin v27.4 - https:\/\/yoast.com\/product\/yoast-seo-wordpress\/ -->\n<title>Accessibility Policy - Ventura Foods Mexico<\/title>\n<meta name=\"robots\" content=\"index, follow, max-snippet:-1, max-image-preview:large, max-video-preview:-1\" \/>\n<link rel=\"canonical\" href=\"https:\/\/www.venturafoods.mx\/es\/accessibility-policy\/\" \/>\n<meta property=\"og:locale\" content=\"es_MX\" \/>\n<meta property=\"og:type\" content=\"article\" \/>\n<meta property=\"og:title\" content=\"Accessibility Policy - Ventura Foods Mexico\" \/>\n<meta property=\"og:description\" content=\"Declaraci\u00f3n de Accesibilidad (A) Accesibilidad del sitio web (i) Sitios web p\u00fablicos de Ventura Foods Ventura Foods (venturafoods.com) se compromete a proporcionar un sitio web que sea accesible para una amplia audiencia. Estamos trabajando para aumentar la accesibilidad y la facilidad de uso de nuestro sitio web al adherirnos a ciertos est\u00e1ndares y pautas. Para...\" \/>\n<meta property=\"og:url\" content=\"https:\/\/www.venturafoods.mx\/es\/accessibility-policy\/\" \/>\n<meta property=\"og:site_name\" content=\"Ventura Foods Mexico\" \/>\n<meta property=\"article:modified_time\" content=\"2023-06-08T17:42:55+00:00\" \/>\n<meta name=\"twitter:card\" content=\"summary_large_image\" \/>\n<meta name=\"twitter:label1\" content=\"Est. reading time\" \/>\n\t<meta name=\"twitter:data1\" content=\"4 minutes\" \/>\n<script type=\"application\/ld+json\" class=\"yoast-schema-graph\">{\"@context\":\"https:\\\/\\\/schema.org\",\"@graph\":[{\"@type\":\"WebPage\",\"@id\":\"https:\\\/\\\/www.venturafoods.mx\\\/es\\\/accessibility-policy\\\/\",\"url\":\"https:\\\/\\\/www.venturafoods.mx\\\/es\\\/accessibility-policy\\\/\",\"name\":\"Accessibility Policy - Ventura Foods Mexico\",\"isPartOf\":{\"@id\":\"https:\\\/\\\/www.venturafoods.mx\\\/es\\\/#website\"},\"datePublished\":\"2023-05-18T13:46:49+00:00\",\"dateModified\":\"2023-06-08T17:42:55+00:00\",\"breadcrumb\":{\"@id\":\"https:\\\/\\\/www.venturafoods.mx\\\/es\\\/accessibility-policy\\\/#breadcrumb\"},\"inLanguage\":\"es-MX\",\"potentialAction\":[{\"@type\":\"ReadAction\",\"target\":[\"https:\\\/\\\/www.venturafoods.mx\\\/es\\\/accessibility-policy\\\/\"]}]},{\"@type\":\"BreadcrumbList\",\"@id\":\"https:\\\/\\\/www.venturafoods.mx\\\/es\\\/accessibility-policy\\\/#breadcrumb\",\"itemListElement\":[{\"@type\":\"ListItem\",\"position\":1,\"name\":\"P\u00e1gina principal\",\"item\":\"https:\\\/\\\/www.venturafoods.mx\\\/es\\\/\"},{\"@type\":\"ListItem\",\"position\":2,\"name\":\"Accessibility Policy\"}]},{\"@type\":\"WebSite\",\"@id\":\"https:\\\/\\\/www.venturafoods.mx\\\/es\\\/#website\",\"url\":\"https:\\\/\\\/www.venturafoods.mx\\\/es\\\/\",\"name\":\"Ventura Foods Mexico\",\"description\":\"\",\"potentialAction\":[{\"@type\":\"SearchAction\",\"target\":{\"@type\":\"EntryPoint\",\"urlTemplate\":\"https:\\\/\\\/www.venturafoods.mx\\\/es\\\/?s={search_term_string}\"},\"query-input\":{\"@type\":\"PropertyValueSpecification\",\"valueRequired\":true,\"valueName\":\"search_term_string\"}}],\"inLanguage\":\"es-MX\"}]}<\/script>\n<!-- \/ Yoast SEO plugin. -->","yoast_head_json":{"title":"Accessibility Policy - Ventura Foods Mexico","robots":{"index":"index","follow":"follow","max-snippet":"max-snippet:-1","max-image-preview":"max-image-preview:large","max-video-preview":"max-video-preview:-1"},"canonical":"https:\/\/www.venturafoods.mx\/es\/accessibility-policy\/","og_locale":"es_MX","og_type":"article","og_title":"Accessibility Policy - Ventura Foods Mexico","og_description":"Declaraci\u00f3n de Accesibilidad (A) Accesibilidad del sitio web (i) Sitios web p\u00fablicos de Ventura Foods Ventura Foods (venturafoods.com) se compromete a proporcionar un sitio web que sea accesible para una amplia audiencia. Estamos trabajando para aumentar la accesibilidad y la facilidad de uso de nuestro sitio web al adherirnos a ciertos est\u00e1ndares y pautas. Para...","og_url":"https:\/\/www.venturafoods.mx\/es\/accessibility-policy\/","og_site_name":"Ventura Foods Mexico","article_modified_time":"2023-06-08T17:42:55+00:00","twitter_card":"summary_large_image","twitter_misc":{"Est. reading time":"4 minutes"},"schema":{"@context":"https:\/\/schema.org","@graph":[{"@type":"WebPage","@id":"https:\/\/www.venturafoods.mx\/es\/accessibility-policy\/","url":"https:\/\/www.venturafoods.mx\/es\/accessibility-policy\/","name":"Accessibility Policy - Ventura Foods Mexico","isPartOf":{"@id":"https:\/\/www.venturafoods.mx\/es\/#website"},"datePublished":"2023-05-18T13:46:49+00:00","dateModified":"2023-06-08T17:42:55+00:00","breadcrumb":{"@id":"https:\/\/www.venturafoods.mx\/es\/accessibility-policy\/#breadcrumb"},"inLanguage":"es-MX","potentialAction":[{"@type":"ReadAction","target":["https:\/\/www.venturafoods.mx\/es\/accessibility-policy\/"]}]},{"@type":"BreadcrumbList","@id":"https:\/\/www.venturafoods.mx\/es\/accessibility-policy\/#breadcrumb","itemListElement":[{"@type":"ListItem","position":1,"name":"P\u00e1gina principal","item":"https:\/\/www.venturafoods.mx\/es\/"},{"@type":"ListItem","position":2,"name":"Accessibility Policy"}]},{"@type":"WebSite","@id":"https:\/\/www.venturafoods.mx\/es\/#website","url":"https:\/\/www.venturafoods.mx\/es\/","name":"Ventura Foods Mexico","description":"","potentialAction":[{"@type":"SearchAction","target":{"@type":"EntryPoint","urlTemplate":"https:\/\/www.venturafoods.mx\/es\/?s={search_term_string}"},"query-input":{"@type":"PropertyValueSpecification","valueRequired":true,"valueName":"search_term_string"}}],"inLanguage":"es-MX"}]}},"_links":{"self":[{"href":"https:\/\/www.venturafoods.mx\/es\/wp-json\/wp\/v2\/pages\/9981","targetHints":{"allow":["GET"]}}],"collection":[{"href":"https:\/\/www.venturafoods.mx\/es\/wp-json\/wp\/v2\/pages"}],"about":[{"href":"https:\/\/www.venturafoods.mx\/es\/wp-json\/wp\/v2\/types\/page"}],"author":[{"embeddable":true,"href":"https:\/\/www.venturafoods.mx\/es\/wp-json\/wp\/v2\/users\/12"}],"replies":[{"embeddable":true,"href":"https:\/\/www.venturafoods.mx\/es\/wp-json\/wp\/v2\/comments?post=9981"}],"version-history":[{"count":6,"href":"https:\/\/www.venturafoods.mx\/es\/wp-json\/wp\/v2\/pages\/9981\/revisions"}],"predecessor-version":[{"id":12033,"href":"https:\/\/www.venturafoods.mx\/es\/wp-json\/wp\/v2\/pages\/9981\/revisions\/12033"}],"wp:attachment":[{"href":"https:\/\/www.venturafoods.mx\/es\/wp-json\/wp\/v2\/media?parent=9981"}],"curies":[{"name":"wp","href":"https:\/\/api.w.org\/{rel}","templated":true}]}}